{"id":3362,"date":"2023-08-04T13:27:33","date_gmt":"2023-08-04T13:27:33","guid":{"rendered":"https:\/\/egb.hypergroup.com.tn\/woods\/"},"modified":"2024-02-20T16:23:11","modified_gmt":"2024-02-20T16:23:11","slug":"woods","status":"publish","type":"page","link":"https:\/\/egb.com.tn\/en\/woods\/","title":{"rendered":"Woods"},"content":{"rendered":"<p><section data-bb-version=\"4.6.0\" id=\"bt_bb_section69e813512969b\" class=\"bt_bb_section bt_bb_color_scheme_11 bt_bb_layout_boxed_1200 bt_bb_vertical_align_top bt_bb_background_overlay_alternate_solid bt_bb_top_spacing_extra_large bt_bb_bottom_spacing_large bt_bb_negative_margin_ bt-dark-skin\" style=\"; --section-primary-color:#ffffff; --section-secondary-color:#000000;\" data-bt-override-class=\"{&quot;bt_bb_top_spacing_&quot;:{&quot;current_class&quot;:&quot;bt_bb_top_spacing_extra_large&quot;,&quot;xxl&quot;:&quot;extra_large&quot;},&quot;bt_bb_bottom_spacing_&quot;:{&quot;current_class&quot;:&quot;bt_bb_bottom_spacing_large&quot;,&quot;xxl&quot;:&quot;large&quot;},&quot;bt_bb_negative_margin_&quot;:{&quot;current_class&quot;:&quot;bt_bb_negative_margin_&quot;,&quot;xxl&quot;:&quot;&quot;}}\"><div class=\"bt_bb_background_image_holder_wrapper\"><div class=\"bt_bb_background_image_holder btLazyLoadBackground\"  data-background_image_src=\"https:\/\/egb.com.tn\/wp-content\/uploads\/2023\/10\/bois-.jpg\" data-parallax-zoom-start=\"1\" data-parallax-zoom-end=\"1\" data-parallax-blur-start=\"0\" data-parallax-blur-end=\"0\" data-parallax-opacity-start=\"1\" data-parallax-opacity-end=\"1\" style=\" background-image: url(&#039;https:\/\/egb.com.tn\/wp-content\/plugins\/bold-page-builder\/img\/blank.gif&#039;);\"><\/div><\/div><div class=\"bt_bb_port\"><div class=\"bt_bb_cell\"><div class=\"bt_bb_cell_inner\"><div class=\"bt_bb_row \"  data-bt-override-class=\"{}\"><div class=\"bt_bb_row_holder\" ><div  class=\"bt_bb_column col-xxl-6 col-xl-6 bt_bb_vertical_align_top bt_bb_align_left bt_bb_padding_normal bt_bb_animation_fade_in zoom_out animate\" style=\"; --column-width:6;\" data-width=\"6\" data-bt-override-class=\"{}\"><div class=\"bt_bb_column_content\"><div class=\"bt_bb_column_content_inner\"><header data-bb-version=\"4.6.0\" class=\"bt_bb_headline bt_bb_dash_top bt_bb_superheadline bt_bb_subheadline bt_bb_size_medium bt_bb_align_inherit\" data-bt-override-class=\"{&quot;bt_bb_size_&quot;:{&quot;current_class&quot;:&quot;bt_bb_size_medium&quot;,&quot;xxl&quot;:&quot;medium&quot;},&quot;bt_bb_align_&quot;:{&quot;current_class&quot;:&quot;bt_bb_align_inherit&quot;,&quot;xxl&quot;:&quot;inherit&quot;}}\"><h1><span class=\"bt_bb_headline_superheadline\"><span>Our solutions<\/span><\/span><span class=\"bt_bb_headline_content\"><span>Woods<\/span><\/span><\/h1><div class=\"bt_bb_headline_subheadline\">Discover all our products in the wood category, including formwork panels, formwork beams, plywood, and white wood (Battens, Boards, Planks, ).<br \/><br \/>\n<\/div><\/header><div class=\"bt_bb_separator bt_bb_border_style_none bt_bb_bottom_spacing_60\" data-bt-override-class=\"null\"><\/div><\/div><\/div><\/div><div  class=\"bt_bb_column col-xxl-6 col-xl-6 bt_bb_vertical_align_top bt_bb_align_right bt_bb_padding_40 bt_bb_animation_fade_in zoom_out animate\" style=\"; --column-width:6;\" data-width=\"6\" data-bt-override-class=\"{}\"><div class=\"bt_bb_column_content\"><div class=\"bt_bb_column_content_inner\"><\/div><\/div><\/div><\/div><\/div><\/div><!-- cell_inner --><\/div><!-- cell --><\/div><!-- port --><\/section><section data-bb-version=\"4.5.9\" id=\"bt_bb_section69e8135129beb\" class=\"bt_bb_section bt_bb_layout_boxed_1600 bt_bb_vertical_align_top bt_bb_top_spacing_50 bt_bb_bottom_spacing_15 bt_bb_negative_margin_\"  data-bt-override-class=\"{&quot;bt_bb_top_spacing_&quot;:{&quot;current_class&quot;:&quot;bt_bb_top_spacing_50&quot;,&quot;xxl&quot;:&quot;50&quot;},&quot;bt_bb_bottom_spacing_&quot;:{&quot;current_class&quot;:&quot;bt_bb_bottom_spacing_15&quot;,&quot;xxl&quot;:&quot;15&quot;},&quot;bt_bb_negative_margin_&quot;:{&quot;current_class&quot;:&quot;bt_bb_negative_margin_&quot;,&quot;xxl&quot;:&quot;&quot;}}\"><div class=\"bt_bb_port\"><div class=\"bt_bb_cell\"><div class=\"bt_bb_cell_inner\"><div data-bb-version=\"4.5.9\" class=\"bt_bb_row \"  data-bt-override-class=\"{}\"><div class=\"bt_bb_row_holder\" ><div data-bb-version=\"4.5.9\"  class=\"bt_bb_column col-xxl-3 col-xl-3 col-xs-12 col-sm-6 col-md-6 col-lg-3 bt_bb_vertical_align_top bt_bb_align_left bt_bb_padding_normal\" style=\"; --column-width:3;\" data-width=\"3\" data-bt-override-class=\"{}\"><div class=\"bt_bb_column_content\"><div class=\"bt_bb_column_content_inner\"><div data-bb-version=\"4.6.0\" class=\"bt_bb_image bt_bb_shape_square bt_bb_align_inherit bt_bb_hover_style_zoom-in bt_bb_content_display_always bt_bb_content_align_middle bt_bb_remove_padding_yes bt_bb_fill_background_color_full\" data-bt-override-class=\"{&quot;bt_bb_align_&quot;:{&quot;current_class&quot;:&quot;bt_bb_align_inherit&quot;,&quot;xxl&quot;:&quot;inherit&quot;}}\"><a href=\"https:\/\/egb.com.tn\/en\/portfolio_category\/formwork-panels\/\"  target=\"_self\" title=\"Panneaux de coffrage-01\"><img src = \"https:\/\/egb.com.tn\/wp-content\/plugins\/bold-page-builder\/img\/blank.gif\" data-full_image_src=\"https:\/\/egb.com.tn\/wp-content\/uploads\/2023\/10\/Panneaux-de-coffrage-01-scaled.jpg\" data-image_src=\"https:\/\/egb.com.tn\/wp-content\/uploads\/2023\/10\/Panneaux-de-coffrage-01-scaled.jpg\" title=\"Panneaux de coffrage-01\" alt=\"https:\/\/egb.com.tn\/wp-content\/uploads\/2023\/10\/Panneaux-de-coffrage-01-scaled.jpg\" class=\"btLazyLoadImage\"><\/a><\/div><div class=\"bt_bb_separator bt_bb_border_style_none bt_bb_bottom_spacing_25\" data-bt-override-class=\"null\"><\/div><div data-bb-version=\"4.6.0\" class=\"bt_bb_button bt_bb_color_scheme_5 bt_bb_icon_position_left bt_bb_style_underlined bt_bb_size_medium bt_bb_width_inline bt_bb_shape_inherit bt_bb_target_self bt_bb_text_transform_inherit bt_bb_align_center\" style=\"; --primary-color:#000000; --secondary-color:#dd0013;\" data-bt-override-class=\"{&quot;bt_bb_size_&quot;:{&quot;current_class&quot;:&quot;bt_bb_size_medium&quot;,&quot;xxl&quot;:&quot;medium&quot;},&quot;bt_bb_align_&quot;:{&quot;current_class&quot;:&quot;bt_bb_align_center&quot;,&quot;xxl&quot;:&quot;center&quot;}}\"><a href=\"https:\/\/egb.com.tn\/en\/portfolio_category\/formwork-panels\/\" target=\"_self\" class=\"bt_bb_link\" title=\"Discover our formwork panels !!\"><span class=\"bt_bb_button_text\" >Discover our formwork panels !!<\/span><span  data-ico-fontawesome=\"&#xf101;\" class=\"bt_bb_icon_holder\"><\/span><\/a><\/div><div class=\"bt_bb_separator bt_bb_border_style_none bt_bb_bottom_spacing_25\" data-bt-override-class=\"null\"><\/div><\/div><\/div><\/div><div data-bb-version=\"4.5.9\"  class=\"bt_bb_column col-xxl-3 col-xl-3 col-xs-12 col-sm-6 col-md-6 col-lg-3 bt_bb_vertical_align_top bt_bb_align_left bt_bb_padding_normal\" style=\"; --column-width:3;\" data-width=\"3\" data-bt-override-class=\"{}\"><div class=\"bt_bb_column_content\"><div class=\"bt_bb_column_content_inner\"><div data-bb-version=\"4.6.0\" class=\"bt_bb_image bt_bb_shape_square bt_bb_align_inherit bt_bb_hover_style_zoom-in bt_bb_content_display_always bt_bb_content_align_middle bt_bb_remove_padding_yes bt_bb_fill_background_color_full\" data-bt-override-class=\"{&quot;bt_bb_align_&quot;:{&quot;current_class&quot;:&quot;bt_bb_align_inherit&quot;,&quot;xxl&quot;:&quot;inherit&quot;}}\"><a href=\"https:\/\/egb.com.tn\/en\/portfolio_category\/h20-beam\/\"  target=\"_self\" title=\"Poutrelle h20-01\"><img src = \"https:\/\/egb.com.tn\/wp-content\/plugins\/bold-page-builder\/img\/blank.gif\" data-full_image_src=\"https:\/\/egb.com.tn\/wp-content\/uploads\/2023\/10\/Poutrelle-h20-01-scaled.jpg\" data-image_src=\"https:\/\/egb.com.tn\/wp-content\/uploads\/2023\/10\/Poutrelle-h20-01-scaled.jpg\" title=\"Poutrelle h20-01\" alt=\"https:\/\/egb.com.tn\/wp-content\/uploads\/2023\/10\/Poutrelle-h20-01-scaled.jpg\" class=\"btLazyLoadImage\"><\/a><\/div><div class=\"bt_bb_separator bt_bb_border_style_none bt_bb_bottom_spacing_25\" data-bt-override-class=\"null\"><\/div><div data-bb-version=\"4.6.0\" class=\"bt_bb_button bt_bb_color_scheme_5 bt_bb_icon_position_left bt_bb_style_underlined bt_bb_size_medium bt_bb_width_inline bt_bb_shape_inherit bt_bb_target_self bt_bb_text_transform_inherit bt_bb_align_center\" style=\"; --primary-color:#000000; --secondary-color:#dd0013;\" data-bt-override-class=\"{&quot;bt_bb_size_&quot;:{&quot;current_class&quot;:&quot;bt_bb_size_medium&quot;,&quot;xxl&quot;:&quot;medium&quot;},&quot;bt_bb_align_&quot;:{&quot;current_class&quot;:&quot;bt_bb_align_center&quot;,&quot;xxl&quot;:&quot;center&quot;}}\"><a href=\"https:\/\/egb.com.tn\/en\/portfolio_category\/h20-beam\/\" target=\"_self\" class=\"bt_bb_link\" title=\"Discover our formwork beams !!\"><span class=\"bt_bb_button_text\" >Discover our formwork beams !!<\/span><span  data-ico-fontawesome=\"&#xf101;\" class=\"bt_bb_icon_holder\"><\/span><\/a><\/div><div class=\"bt_bb_separator bt_bb_border_style_none bt_bb_bottom_spacing_25\" data-bt-override-class=\"null\"><\/div><\/div><\/div><\/div><div data-bb-version=\"4.5.9\"  class=\"bt_bb_column col-xxl-3 col-xl-3 col-xs-12 col-sm-6 col-md-6 col-lg-3 bt_bb_vertical_align_top bt_bb_align_left bt_bb_padding_normal\" style=\"; --column-width:3;\" data-width=\"3\" data-bt-override-class=\"{}\"><div class=\"bt_bb_column_content\"><div class=\"bt_bb_column_content_inner\"><div data-bb-version=\"4.6.0\" class=\"bt_bb_image bt_bb_shape_square bt_bb_align_inherit bt_bb_hover_style_zoom-in bt_bb_content_display_always bt_bb_content_align_middle bt_bb_remove_padding_yes bt_bb_fill_background_color_full\" data-bt-override-class=\"{&quot;bt_bb_align_&quot;:{&quot;current_class&quot;:&quot;bt_bb_align_inherit&quot;,&quot;xxl&quot;:&quot;inherit&quot;}}\"><a href=\"https:\/\/egb.com.tn\/en\/portfolio_category\/plywood\/\"  target=\"_self\" title=\"Conterplauqer\"><img src = \"https:\/\/egb.com.tn\/wp-content\/plugins\/bold-page-builder\/img\/blank.gif\" data-full_image_src=\"https:\/\/egb.com.tn\/wp-content\/uploads\/2023\/10\/Conterplauqer-scaled.jpg\" data-image_src=\"https:\/\/egb.com.tn\/wp-content\/uploads\/2023\/10\/Conterplauqer-scaled.jpg\" title=\"Conterplauqer\" alt=\"https:\/\/egb.com.tn\/wp-content\/uploads\/2023\/10\/Conterplauqer-scaled.jpg\" class=\"btLazyLoadImage\"><\/a><\/div><div class=\"bt_bb_separator bt_bb_border_style_none bt_bb_bottom_spacing_25\" data-bt-override-class=\"null\"><\/div><div data-bb-version=\"4.6.0\" class=\"bt_bb_button bt_bb_color_scheme_5 bt_bb_icon_position_left bt_bb_style_underlined bt_bb_size_medium bt_bb_width_inline bt_bb_shape_inherit bt_bb_target_self bt_bb_text_transform_inherit bt_bb_align_center\" style=\"; --primary-color:#000000; --secondary-color:#dd0013;\" data-bt-override-class=\"{&quot;bt_bb_size_&quot;:{&quot;current_class&quot;:&quot;bt_bb_size_medium&quot;,&quot;xxl&quot;:&quot;medium&quot;},&quot;bt_bb_align_&quot;:{&quot;current_class&quot;:&quot;bt_bb_align_center&quot;,&quot;xxl&quot;:&quot;center&quot;}}\"><a href=\"https:\/\/egb.com.tn\/en\/portfolio_category\/plywood\/\" target=\"_self\" class=\"bt_bb_link\" title=\"Discover our plywood !!\"><span class=\"bt_bb_button_text\" >Discover our plywood !!<\/span><span  data-ico-fontawesome=\"&#xf101;\" class=\"bt_bb_icon_holder\"><\/span><\/a><\/div><div class=\"bt_bb_separator bt_bb_border_style_none bt_bb_bottom_spacing_25\" data-bt-override-class=\"null\"><\/div><\/div><\/div><\/div><div data-bb-version=\"4.5.9\"  class=\"bt_bb_column col-xxl-3 col-xl-3 col-xs-12 col-sm-6 col-md-6 col-lg-3 bt_bb_vertical_align_top bt_bb_align_left bt_bb_padding_normal\" style=\"; --column-width:3;\" data-width=\"3\" data-bt-override-class=\"{}\"><div class=\"bt_bb_column_content\"><div class=\"bt_bb_column_content_inner\"><div data-bb-version=\"4.6.0\" class=\"bt_bb_image bt_bb_shape_square bt_bb_align_inherit bt_bb_hover_style_zoom-in bt_bb_content_display_always bt_bb_content_align_middle bt_bb_remove_padding_yes bt_bb_fill_background_color_full\" data-bt-override-class=\"{&quot;bt_bb_align_&quot;:{&quot;current_class&quot;:&quot;bt_bb_align_inherit&quot;,&quot;xxl&quot;:&quot;inherit&quot;}}\"><a href=\"https:\/\/egb.com.tn\/en\/portfolio_category\/white-wood\/\"  target=\"_self\" title=\"Untitled-3 [Recovered]-01 (1)\"><img src = \"https:\/\/egb.com.tn\/wp-content\/plugins\/bold-page-builder\/img\/blank.gif\" data-full_image_src=\"https:\/\/egb.com.tn\/wp-content\/uploads\/2023\/11\/Untitled-3-Recovered-01-1-scaled.jpg\" data-image_src=\"https:\/\/egb.com.tn\/wp-content\/uploads\/2023\/11\/Untitled-3-Recovered-01-1-scaled.jpg\" title=\"Untitled-3 [Recovered]-01 (1)\" alt=\"https:\/\/egb.com.tn\/wp-content\/uploads\/2023\/11\/Untitled-3-Recovered-01-1-scaled.jpg\" class=\"btLazyLoadImage\"><\/a><\/div><div class=\"bt_bb_separator bt_bb_border_style_none bt_bb_bottom_spacing_25\" data-bt-override-class=\"null\"><\/div><div data-bb-version=\"4.6.0\" class=\"bt_bb_button bt_bb_color_scheme_5 bt_bb_icon_position_left bt_bb_style_underlined bt_bb_size_medium bt_bb_width_inline bt_bb_shape_inherit bt_bb_target_self bt_bb_text_transform_inherit bt_bb_align_center\" style=\"; --primary-color:#000000; --secondary-color:#dd0013;\" data-bt-override-class=\"{&quot;bt_bb_size_&quot;:{&quot;current_class&quot;:&quot;bt_bb_size_medium&quot;,&quot;xxl&quot;:&quot;medium&quot;},&quot;bt_bb_align_&quot;:{&quot;current_class&quot;:&quot;bt_bb_align_center&quot;,&quot;xxl&quot;:&quot;center&quot;}}\"><a href=\"https:\/\/egb.com.tn\/en\/portfolio_category\/white-wood\/\" target=\"_self\" class=\"bt_bb_link\" title=\"Discover our varieties of white wood.\"><span class=\"bt_bb_button_text\" >Discover our varieties of white wood.<\/span><span  data-ico-fontawesome=\"&#xf101;\" class=\"bt_bb_icon_holder\"><\/span><\/a><\/div><div class=\"bt_bb_separator bt_bb_border_style_none bt_bb_bottom_spacing_25\" data-bt-override-class=\"null\"><\/div><\/div><\/div><\/div><\/div><\/div><\/div><!-- cell_inner --><\/div><!-- cell --><\/div><!-- port --><\/section><\/p>\n","protected":false},"excerpt":{"rendered":"","protected":false},"author":1,"featured_media":0,"parent":0,"menu_order":0,"comment_status":"closed","ping_status":"closed","template":"","meta":{"footnotes":""},"class_list":["post-3362","page","type-page","status-publish","hentry"],"acf":[],"yoast_head":"<!-- This site is optimized with the Yoast SEO plugin v25.2 - https:\/\/yoast.com\/wordpress\/plugins\/seo\/ -->\n<title>Woods - EGB I \u00e9quipement g\u00e9n\u00e9ral de b\u00e2timent<\/title>\n<meta name=\"robots\" content=\"index, follow, max-snippet:-1, max-image-preview:large, max-video-preview:-1\" \/>\n<link rel=\"canonical\" href=\"https:\/\/egb.com.tn\/bois\/\" \/>\n<meta property=\"og:locale\" content=\"en_US\" \/>\n<meta property=\"og:type\" content=\"article\" \/>\n<meta property=\"og:title\" content=\"Woods - EGB I \u00e9quipement g\u00e9n\u00e9ral de b\u00e2timent\" \/>\n<meta property=\"og:url\" content=\"https:\/\/egb.com.tn\/bois\/\" \/>\n<meta property=\"og:site_name\" content=\"EGB I \u00e9quipement g\u00e9n\u00e9ral de b\u00e2timent\" \/>\n<meta property=\"article:modified_time\" content=\"2024-02-20T16:23:11+00:00\" \/>\n<meta name=\"twitter:card\" content=\"summary_large_image\" \/>\n<meta name=\"twitter:label1\" content=\"Est. reading time\" \/>\n\t<meta name=\"twitter:data1\" content=\"3 minutes\" \/>\n<script type=\"application\/ld+json\" class=\"yoast-schema-graph\">{\"@context\":\"https:\/\/schema.org\",\"@graph\":[{\"@type\":\"WebPage\",\"@id\":\"https:\/\/egb.com.tn\/bois\/\",\"url\":\"https:\/\/egb.com.tn\/bois\/\",\"name\":\"Woods - EGB I \u00e9quipement g\u00e9n\u00e9ral de b\u00e2timent\",\"isPartOf\":{\"@id\":\"https:\/\/egb.com.tn\/#website\"},\"datePublished\":\"2023-08-04T13:27:33+00:00\",\"dateModified\":\"2024-02-20T16:23:11+00:00\",\"breadcrumb\":{\"@id\":\"https:\/\/egb.com.tn\/bois\/#breadcrumb\"},\"inLanguage\":\"en-US\",\"potentialAction\":[{\"@type\":\"ReadAction\",\"target\":[\"https:\/\/egb.com.tn\/bois\/\"]}]},{\"@type\":\"BreadcrumbList\",\"@id\":\"https:\/\/egb.com.tn\/bois\/#breadcrumb\",\"itemListElement\":[{\"@type\":\"ListItem\",\"position\":1,\"name\":\"Home\",\"item\":\"https:\/\/egb.com.tn\/en\/\"},{\"@type\":\"ListItem\",\"position\":2,\"name\":\"Woods\"}]},{\"@type\":\"WebSite\",\"@id\":\"https:\/\/egb.com.tn\/#website\",\"url\":\"https:\/\/egb.com.tn\/\",\"name\":\"EGB I \u00e9quipement g\u00e9n\u00e9ral de b\u00e2timent\",\"description\":\"\",\"potentialAction\":[{\"@type\":\"SearchAction\",\"target\":{\"@type\":\"EntryPoint\",\"urlTemplate\":\"https:\/\/egb.com.tn\/?s={search_term_string}\"},\"query-input\":{\"@type\":\"PropertyValueSpecification\",\"valueRequired\":true,\"valueName\":\"search_term_string\"}}],\"inLanguage\":\"en-US\"}]}<\/script>\n<!-- \/ Yoast SEO plugin. -->","yoast_head_json":{"title":"Woods - EGB I \u00e9quipement g\u00e9n\u00e9ral de b\u00e2timent","robots":{"index":"index","follow":"follow","max-snippet":"max-snippet:-1","max-image-preview":"max-image-preview:large","max-video-preview":"max-video-preview:-1"},"canonical":"https:\/\/egb.com.tn\/bois\/","og_locale":"en_US","og_type":"article","og_title":"Woods - EGB I \u00e9quipement g\u00e9n\u00e9ral de b\u00e2timent","og_url":"https:\/\/egb.com.tn\/bois\/","og_site_name":"EGB I \u00e9quipement g\u00e9n\u00e9ral de b\u00e2timent","article_modified_time":"2024-02-20T16:23:11+00:00","twitter_card":"summary_large_image","twitter_misc":{"Est. reading time":"3 minutes"},"schema":{"@context":"https:\/\/schema.org","@graph":[{"@type":"WebPage","@id":"https:\/\/egb.com.tn\/bois\/","url":"https:\/\/egb.com.tn\/bois\/","name":"Woods - EGB I \u00e9quipement g\u00e9n\u00e9ral de b\u00e2timent","isPartOf":{"@id":"https:\/\/egb.com.tn\/#website"},"datePublished":"2023-08-04T13:27:33+00:00","dateModified":"2024-02-20T16:23:11+00:00","breadcrumb":{"@id":"https:\/\/egb.com.tn\/bois\/#breadcrumb"},"inLanguage":"en-US","potentialAction":[{"@type":"ReadAction","target":["https:\/\/egb.com.tn\/bois\/"]}]},{"@type":"BreadcrumbList","@id":"https:\/\/egb.com.tn\/bois\/#breadcrumb","itemListElement":[{"@type":"ListItem","position":1,"name":"Home","item":"https:\/\/egb.com.tn\/en\/"},{"@type":"ListItem","position":2,"name":"Woods"}]},{"@type":"WebSite","@id":"https:\/\/egb.com.tn\/#website","url":"https:\/\/egb.com.tn\/","name":"EGB I \u00e9quipement g\u00e9n\u00e9ral de b\u00e2timent","description":"","potentialAction":[{"@type":"SearchAction","target":{"@type":"EntryPoint","urlTemplate":"https:\/\/egb.com.tn\/?s={search_term_string}"},"query-input":{"@type":"PropertyValueSpecification","valueRequired":true,"valueName":"search_term_string"}}],"inLanguage":"en-US"}]}},"_links":{"self":[{"href":"https:\/\/egb.com.tn\/en\/wp-json\/wp\/v2\/pages\/3362"}],"collection":[{"href":"https:\/\/egb.com.tn\/en\/wp-json\/wp\/v2\/pages"}],"about":[{"href":"https:\/\/egb.com.tn\/en\/wp-json\/wp\/v2\/types\/page"}],"author":[{"embeddable":true,"href":"https:\/\/egb.com.tn\/en\/wp-json\/wp\/v2\/users\/1"}],"replies":[{"embeddable":true,"href":"https:\/\/egb.com.tn\/en\/wp-json\/wp\/v2\/comments?post=3362"}],"version-history":[{"count":0,"href":"https:\/\/egb.com.tn\/en\/wp-json\/wp\/v2\/pages\/3362\/revisions"}],"wp:attachment":[{"href":"https:\/\/egb.com.tn\/en\/wp-json\/wp\/v2\/media?parent=3362"}],"curies":[{"name":"wp","href":"https:\/\/api.w.org\/{rel}","templated":true}]}}