{"id":3383,"date":"2023-09-01T10:49:48","date_gmt":"2023-09-01T10:49:48","guid":{"rendered":"https:\/\/egb.hypergroup.com.tn\/realizations\/"},"modified":"2024-02-02T16:44:55","modified_gmt":"2024-02-02T16:44:55","slug":"realizations","status":"publish","type":"page","link":"https:\/\/egb.com.tn\/en\/realizations\/","title":{"rendered":"Realizations"},"content":{"rendered":"<section data-bb-version=\"4.6.0\" id=\"bt_bb_section69f359dcad08f\" class=\"bt_bb_section bt_bb_layout_boxed_1200 bt_bb_vertical_align_top bt_bb_top_spacing_100 bt_bb_bottom_spacing_40 bt_bb_negative_margin_\" style=\";background-color:#f1f1f1;\" data-bt-override-class=\"{&quot;bt_bb_top_spacing_&quot;:{&quot;current_class&quot;:&quot;bt_bb_top_spacing_100&quot;,&quot;xxl&quot;:&quot;100&quot;},&quot;bt_bb_bottom_spacing_&quot;:{&quot;current_class&quot;:&quot;bt_bb_bottom_spacing_40&quot;,&quot;xxl&quot;:&quot;40&quot;},&quot;bt_bb_negative_margin_&quot;:{&quot;current_class&quot;:&quot;bt_bb_negative_margin_&quot;,&quot;xxl&quot;:&quot;&quot;}}\"><div class=\"bt_bb_port\"><div class=\"bt_bb_cell\"><div class=\"bt_bb_cell_inner\"><div class=\"bt_bb_row  bt_bb_column_gap_10\" style=\"margin-top: -60px;; --column-gap:10px;\" data-bt-override-class=\"{}\"><div class=\"bt_bb_row_holder\" ><div  class=\"bt_bb_column col-xxl-6 col-xl-6 col-xs-12 col-sm-6 col-md-6 col-lg-6 bt_bb_vertical_align_top bt_bb_align_left bt_bb_padding_text_indent bt_bb_animation_fade_in zoom_out animate inner_column_border_radius_10\" style=\"margin-bottom: 20px;; --column-width:6;\" data-width=\"6\" data-bt-override-class=\"{}\"><div class=\"bt_bb_column_content\" style=\"background-color:rgba(255, 255, 255, 1);\"><div class=\"bt_bb_column_content_inner\"><div data-bb-version=\"4.6.0\" class=\"bt_bb_image bt_bb_shape_square bt_bb_align_inherit bt_bb_hover_style_zoom-in bt_bb_content_display_always bt_bb_content_align_bottom bt_bb_remove_padding_yes bt_bb_fill_background_color_full\" style=\"border-radius: 10px 10px 0 0;\" data-bt-override-class=\"{&quot;bt_bb_align_&quot;:{&quot;current_class&quot;:&quot;bt_bb_align_inherit&quot;,&quot;xxl&quot;:&quot;inherit&quot;}}\"><a href=\"https:\/\/egb.com.tn\/realisation\/mall-sfax\/\"  target=\"_self\" title=\"5\"><img src = \"https:\/\/egb.com.tn\/wp-content\/plugins\/bold-page-builder\/img\/blank.gif\" data-full_image_src=\"https:\/\/egb.com.tn\/wp-content\/uploads\/2023\/09\/5.jpg\" data-image_src=\"https:\/\/egb.com.tn\/wp-content\/uploads\/2023\/09\/5-1280x725.jpg\" title=\"5\" alt=\"https:\/\/egb.com.tn\/wp-content\/uploads\/2023\/09\/5-1280x725.jpg\" class=\"btLazyLoadImage\"><\/a><\/div><div data-bb-version=\"4.6.0\" class=\"bt_bb_icon bt_bb_color_scheme_6 bt_bb_style_filled bt_bb_size_normal bt_bb_shape_circle bt_bb_target_self bt_bb_text_empty bt_bb_align_inherit bt_bb_vertical_position_half_above\" style=\"; --primary-color:#ffffff; --secondary-color:#dd0013;\" data-bt-override-class=\"{&quot;bt_bb_size_&quot;:{&quot;current_class&quot;:&quot;bt_bb_size_normal&quot;,&quot;xxl&quot;:&quot;normal&quot;},&quot;bt_bb_align_&quot;:{&quot;current_class&quot;:&quot;bt_bb_align_inherit&quot;,&quot;xxl&quot;:&quot;inherit&quot;}}\"><span  data-ico-amwerk=\"&#xe943;\" class=\"bt_bb_icon_holder\"><\/span><\/div><div class=\"bt_bb_separator bt_bb_border_style_none bt_bb_bottom_spacing_25\" data-bt-override-class=\"null\"><\/div><header data-bb-version=\"4.6.0\" class=\"bt_bb_headline bt_bb_dash_none bt_bb_subheadline bt_bb_size_small bt_bb_align_inherit\" data-bt-override-class=\"{&quot;bt_bb_size_&quot;:{&quot;current_class&quot;:&quot;bt_bb_size_small&quot;,&quot;xxl&quot;:&quot;small&quot;},&quot;bt_bb_align_&quot;:{&quot;current_class&quot;:&quot;bt_bb_align_inherit&quot;,&quot;xxl&quot;:&quot;inherit&quot;}}\"><h4><span class=\"bt_bb_headline_content\"><span><a href=\"https:\/\/egb.com.tn\/realisation\/mall-sfax\/\" target=\"_self\" title=\"Mall of sfax\">Mall of sfax<\/a><\/span><\/span><\/h4><div class=\"bt_bb_headline_subheadline\">The Mall of Sfax\" represents much more than just a leisure and shopping complex. As the first of its kind in Sfax, this innovative project represents a significant advancement for the region. It is the expression of a remarkable ambition, offering residents a unique experience that redefines the standards of entertainment and shopping. This iconic project marks a significant milestone in the economic and social development of the region, creating a dynamic space where the community gathers, exchanges, and thrives.<\/div><\/header><div class=\"bt_bb_separator bt_bb_border_style_none bt_bb_bottom_spacing_25\" data-bt-override-class=\"null\"><\/div><div data-bb-version=\"4.6.0\" class=\"bt_bb_button bt_bb_color_scheme_4 bt_bb_icon_position_left bt_bb_style_outline bt_bb_size_small bt_bb_width_inline bt_bb_shape_inherit bt_bb_target_self bt_bb_text_transform_inherit bt_bb_align_inherit\" style=\"; --primary-color:#dd0013; --secondary-color:#ffffff;\" data-bt-override-class=\"{&quot;bt_bb_size_&quot;:{&quot;current_class&quot;:&quot;bt_bb_size_small&quot;,&quot;xxl&quot;:&quot;small&quot;},&quot;bt_bb_align_&quot;:{&quot;current_class&quot;:&quot;bt_bb_align_inherit&quot;,&quot;xxl&quot;:&quot;inherit&quot;}}\"><a href=\"https:\/\/egb.com.tn\/realisation\/mall-sfax\/\" target=\"_self\" class=\"bt_bb_link\" title=\"Read more\"><span class=\"bt_bb_button_text\" >Read more<\/span><\/a><\/div><div class=\"bt_bb_separator bt_bb_border_style_none bt_bb_bottom_spacing_30\" data-bt-override-class=\"null\"><\/div><\/div><\/div><\/div><div  class=\"bt_bb_column col-xxl-6 col-xl-6 col-xs-12 col-sm-6 col-md-6 col-lg-6 bt_bb_vertical_align_top bt_bb_align_left bt_bb_padding_text_indent bt_bb_animation_fade_in zoom_out animate inner_column_border_radius_10\" style=\"margin-bottom: 20px;; --column-width:6;\" data-width=\"6\" data-bt-override-class=\"{}\"><div class=\"bt_bb_column_content\" style=\"background-color:rgba(255, 255, 255, 1);\"><div class=\"bt_bb_column_content_inner\"><div data-bb-version=\"4.6.0\" class=\"bt_bb_image bt_bb_shape_square bt_bb_align_inherit bt_bb_hover_style_zoom-in bt_bb_content_display_always bt_bb_content_align_bottom bt_bb_remove_padding_yes bt_bb_fill_background_color_full\" style=\"border-radius: 10px 10px 0 0;\" data-bt-override-class=\"{&quot;bt_bb_align_&quot;:{&quot;current_class&quot;:&quot;bt_bb_align_inherit&quot;,&quot;xxl&quot;:&quot;inherit&quot;}}\"><a href=\"https:\/\/egb.com.tn\/realisation\/projet-station-de-dessalement-de-leau-de-mer-de-gargoure\/\"  target=\"_self\"><img src = \"https:\/\/egb.com.tn\/wp-content\/plugins\/bold-page-builder\/img\/blank.gif\" data-full_image_src=\"https:\/\/egb.com.tn\/wp-content\/uploads\/2023\/09\/Chantier-sbf-01-1-scaled.jpg\" data-image_src=\"https:\/\/egb.com.tn\/wp-content\/uploads\/2023\/09\/Chantier-sbf-01-1-1280x724.jpg\" alt=\"https:\/\/egb.com.tn\/wp-content\/uploads\/2023\/09\/Chantier-sbf-01-1-1280x724.jpg\" class=\"btLazyLoadImage\"><\/a><\/div><div data-bb-version=\"4.6.0\" class=\"bt_bb_icon bt_bb_color_scheme_6 bt_bb_style_filled bt_bb_size_normal bt_bb_shape_circle bt_bb_target_self bt_bb_text_empty bt_bb_align_inherit bt_bb_vertical_position_half_above\" style=\"; --primary-color:#ffffff; --secondary-color:#dd0013;\" data-bt-override-class=\"{&quot;bt_bb_size_&quot;:{&quot;current_class&quot;:&quot;bt_bb_size_normal&quot;,&quot;xxl&quot;:&quot;normal&quot;},&quot;bt_bb_align_&quot;:{&quot;current_class&quot;:&quot;bt_bb_align_inherit&quot;,&quot;xxl&quot;:&quot;inherit&quot;}}\"><span  data-ico-amwerk=\"&#xe934;\" class=\"bt_bb_icon_holder\"><\/span><\/div><div class=\"bt_bb_separator bt_bb_border_style_none bt_bb_bottom_spacing_25\" data-bt-override-class=\"null\"><\/div><header data-bb-version=\"4.6.0\" class=\"bt_bb_headline bt_bb_dash_none bt_bb_subheadline bt_bb_size_small bt_bb_align_inherit\" data-bt-override-class=\"{&quot;bt_bb_size_&quot;:{&quot;current_class&quot;:&quot;bt_bb_size_small&quot;,&quot;xxl&quot;:&quot;small&quot;},&quot;bt_bb_align_&quot;:{&quot;current_class&quot;:&quot;bt_bb_align_inherit&quot;,&quot;xxl&quot;:&quot;inherit&quot;}}\"><h4><span class=\"bt_bb_headline_content\"><span><a href=\"https:\/\/egb.com.tn\/realisation\/projet-station-de-dessalement-de-leau-de-mer-de-gargoure\/\" target=\"_self\" title=\"Gargoure Seawater Desalination Plant Project\">Gargoure Seawater Desalination Plant Project<\/a><\/span><\/span><\/h4><div class=\"bt_bb_headline_subheadline\">The fundamental objective of this project is to ensure a supply of high-quality drinking water in the Sfax region, thereby guaranteeing the health and well-being of local residents. This project aims to raise the standards of drinking water quality to meet the growing needs of the population and provide an essential and safe resource for daily consumption.<\/div><\/header><div class=\"bt_bb_separator bt_bb_border_style_none bt_bb_bottom_spacing_25\" data-bt-override-class=\"null\"><\/div><div data-bb-version=\"4.6.0\" class=\"bt_bb_button bt_bb_color_scheme_4 bt_bb_icon_position_left bt_bb_style_outline bt_bb_size_small bt_bb_width_inline bt_bb_shape_inherit bt_bb_target_self bt_bb_text_transform_inherit bt_bb_align_inherit\" style=\"; --primary-color:#dd0013; --secondary-color:#ffffff;\" data-bt-override-class=\"{&quot;bt_bb_size_&quot;:{&quot;current_class&quot;:&quot;bt_bb_size_small&quot;,&quot;xxl&quot;:&quot;small&quot;},&quot;bt_bb_align_&quot;:{&quot;current_class&quot;:&quot;bt_bb_align_inherit&quot;,&quot;xxl&quot;:&quot;inherit&quot;}}\"><a href=\"https:\/\/egb.com.tn\/realisation\/projet-station-de-dessalement-de-leau-de-mer-de-gargoure\/\" target=\"_self\" class=\"bt_bb_link\" title=\"Read more\"><span class=\"bt_bb_button_text\" >Read more<\/span><\/a><\/div><div class=\"bt_bb_separator bt_bb_border_style_none bt_bb_bottom_spacing_30\" data-bt-override-class=\"null\"><\/div><\/div><\/div><\/div><\/div><\/div><\/div><!-- cell_inner --><\/div><!-- cell --><\/div><!-- port --><\/section>\n","protected":false},"excerpt":{"rendered":"","protected":false},"author":1,"featured_media":0,"parent":0,"menu_order":0,"comment_status":"closed","ping_status":"closed","template":"","meta":{"footnotes":""},"class_list":["post-3383","page","type-page","status-publish","hentry"],"acf":[],"yoast_head":"<!-- This site is optimized with the Yoast SEO plugin v25.2 - https:\/\/yoast.com\/wordpress\/plugins\/seo\/ -->\n<title>Realizations - EGB I \u00e9quipement g\u00e9n\u00e9ral de b\u00e2timent<\/title>\n<meta name=\"robots\" content=\"index, follow, max-snippet:-1, max-image-preview:large, max-video-preview:-1\" \/>\n<link rel=\"canonical\" href=\"https:\/\/egb.com.tn\/realisations\/\" \/>\n<meta property=\"og:locale\" content=\"en_US\" \/>\n<meta property=\"og:type\" content=\"article\" \/>\n<meta property=\"og:title\" content=\"Realizations - EGB I \u00e9quipement g\u00e9n\u00e9ral de b\u00e2timent\" \/>\n<meta property=\"og:url\" content=\"https:\/\/egb.com.tn\/realisations\/\" \/>\n<meta property=\"og:site_name\" content=\"EGB I \u00e9quipement g\u00e9n\u00e9ral de b\u00e2timent\" \/>\n<meta property=\"article:modified_time\" content=\"2024-02-02T16:44:55+00:00\" \/>\n<meta name=\"twitter:card\" content=\"summary_large_image\" \/>\n<meta name=\"twitter:label1\" content=\"Est. reading time\" \/>\n\t<meta name=\"twitter:data1\" content=\"5 minutes\" \/>\n<script type=\"application\/ld+json\" class=\"yoast-schema-graph\">{\"@context\":\"https:\/\/schema.org\",\"@graph\":[{\"@type\":\"WebPage\",\"@id\":\"https:\/\/egb.com.tn\/realisations\/\",\"url\":\"https:\/\/egb.com.tn\/realisations\/\",\"name\":\"Realizations - EGB I \u00e9quipement g\u00e9n\u00e9ral de b\u00e2timent\",\"isPartOf\":{\"@id\":\"https:\/\/egb.com.tn\/#website\"},\"datePublished\":\"2023-09-01T10:49:48+00:00\",\"dateModified\":\"2024-02-02T16:44:55+00:00\",\"breadcrumb\":{\"@id\":\"https:\/\/egb.com.tn\/realisations\/#breadcrumb\"},\"inLanguage\":\"en-US\",\"potentialAction\":[{\"@type\":\"ReadAction\",\"target\":[\"https:\/\/egb.com.tn\/realisations\/\"]}]},{\"@type\":\"BreadcrumbList\",\"@id\":\"https:\/\/egb.com.tn\/realisations\/#breadcrumb\",\"itemListElement\":[{\"@type\":\"ListItem\",\"position\":1,\"name\":\"Home\",\"item\":\"https:\/\/egb.com.tn\/en\/\"},{\"@type\":\"ListItem\",\"position\":2,\"name\":\"Realizations\"}]},{\"@type\":\"WebSite\",\"@id\":\"https:\/\/egb.com.tn\/#website\",\"url\":\"https:\/\/egb.com.tn\/\",\"name\":\"EGB I \u00e9quipement g\u00e9n\u00e9ral de b\u00e2timent\",\"description\":\"\",\"potentialAction\":[{\"@type\":\"SearchAction\",\"target\":{\"@type\":\"EntryPoint\",\"urlTemplate\":\"https:\/\/egb.com.tn\/?s={search_term_string}\"},\"query-input\":{\"@type\":\"PropertyValueSpecification\",\"valueRequired\":true,\"valueName\":\"search_term_string\"}}],\"inLanguage\":\"en-US\"}]}<\/script>\n<!-- \/ Yoast SEO plugin. -->","yoast_head_json":{"title":"Realizations - EGB I \u00e9quipement g\u00e9n\u00e9ral de b\u00e2timent","robots":{"index":"index","follow":"follow","max-snippet":"max-snippet:-1","max-image-preview":"max-image-preview:large","max-video-preview":"max-video-preview:-1"},"canonical":"https:\/\/egb.com.tn\/realisations\/","og_locale":"en_US","og_type":"article","og_title":"Realizations - EGB I \u00e9quipement g\u00e9n\u00e9ral de b\u00e2timent","og_url":"https:\/\/egb.com.tn\/realisations\/","og_site_name":"EGB I \u00e9quipement g\u00e9n\u00e9ral de b\u00e2timent","article_modified_time":"2024-02-02T16:44:55+00:00","twitter_card":"summary_large_image","twitter_misc":{"Est. reading time":"5 minutes"},"schema":{"@context":"https:\/\/schema.org","@graph":[{"@type":"WebPage","@id":"https:\/\/egb.com.tn\/realisations\/","url":"https:\/\/egb.com.tn\/realisations\/","name":"Realizations - EGB I \u00e9quipement g\u00e9n\u00e9ral de b\u00e2timent","isPartOf":{"@id":"https:\/\/egb.com.tn\/#website"},"datePublished":"2023-09-01T10:49:48+00:00","dateModified":"2024-02-02T16:44:55+00:00","breadcrumb":{"@id":"https:\/\/egb.com.tn\/realisations\/#breadcrumb"},"inLanguage":"en-US","potentialAction":[{"@type":"ReadAction","target":["https:\/\/egb.com.tn\/realisations\/"]}]},{"@type":"BreadcrumbList","@id":"https:\/\/egb.com.tn\/realisations\/#breadcrumb","itemListElement":[{"@type":"ListItem","position":1,"name":"Home","item":"https:\/\/egb.com.tn\/en\/"},{"@type":"ListItem","position":2,"name":"Realizations"}]},{"@type":"WebSite","@id":"https:\/\/egb.com.tn\/#website","url":"https:\/\/egb.com.tn\/","name":"EGB I \u00e9quipement g\u00e9n\u00e9ral de b\u00e2timent","description":"","potentialAction":[{"@type":"SearchAction","target":{"@type":"EntryPoint","urlTemplate":"https:\/\/egb.com.tn\/?s={search_term_string}"},"query-input":{"@type":"PropertyValueSpecification","valueRequired":true,"valueName":"search_term_string"}}],"inLanguage":"en-US"}]}},"_links":{"self":[{"href":"https:\/\/egb.com.tn\/en\/wp-json\/wp\/v2\/pages\/3383"}],"collection":[{"href":"https:\/\/egb.com.tn\/en\/wp-json\/wp\/v2\/pages"}],"about":[{"href":"https:\/\/egb.com.tn\/en\/wp-json\/wp\/v2\/types\/page"}],"author":[{"embeddable":true,"href":"https:\/\/egb.com.tn\/en\/wp-json\/wp\/v2\/users\/1"}],"replies":[{"embeddable":true,"href":"https:\/\/egb.com.tn\/en\/wp-json\/wp\/v2\/comments?post=3383"}],"version-history":[{"count":0,"href":"https:\/\/egb.com.tn\/en\/wp-json\/wp\/v2\/pages\/3383\/revisions"}],"wp:attachment":[{"href":"https:\/\/egb.com.tn\/en\/wp-json\/wp\/v2\/media?parent=3383"}],"curies":[{"name":"wp","href":"https:\/\/api.w.org\/{rel}","templated":true}]}}