{"id":3396,"date":"2023-09-11T09:36:07","date_gmt":"2023-09-11T09:36:07","guid":{"rendered":"https:\/\/egb.hypergroup.com.tn\/documentation\/"},"modified":"2024-01-13T09:34:33","modified_gmt":"2024-01-13T09:34:33","slug":"documentation","status":"publish","type":"page","link":"https:\/\/egb.com.tn\/en\/documentation\/","title":{"rendered":"Documentation"},"content":{"rendered":"<section data-bb-version=\"4.6.0\" id=\"bt_bb_section69f9d0bd4a269\" class=\"bt_bb_section bt_bb_color_scheme_11 bt_bb_layout_boxed_1200 bt_bb_vertical_align_top bt_bb_background_overlay_alternate_solid bt_bb_top_spacing_extra_large bt_bb_bottom_spacing_large bt_bb_negative_margin_ bt-dark-skin\" style=\"; --section-primary-color:#ffffff; --section-secondary-color:#000000;\" data-bt-override-class=\"{&quot;bt_bb_top_spacing_&quot;:{&quot;current_class&quot;:&quot;bt_bb_top_spacing_extra_large&quot;,&quot;xxl&quot;:&quot;extra_large&quot;},&quot;bt_bb_bottom_spacing_&quot;:{&quot;current_class&quot;:&quot;bt_bb_bottom_spacing_large&quot;,&quot;xxl&quot;:&quot;large&quot;},&quot;bt_bb_negative_margin_&quot;:{&quot;current_class&quot;:&quot;bt_bb_negative_margin_&quot;,&quot;xxl&quot;:&quot;&quot;}}\"><div class=\"bt_bb_background_image_holder_wrapper\"><div class=\"bt_bb_background_image_holder btLazyLoadBackground\"  data-background_image_src=\"https:\/\/egb.com.tn\/wp-content\/uploads\/2023\/10\/bois-.jpg\" data-parallax-zoom-start=\"1\" data-parallax-zoom-end=\"1\" data-parallax-blur-start=\"0\" data-parallax-blur-end=\"0\" data-parallax-opacity-start=\"1\" data-parallax-opacity-end=\"1\" style=\" background-image: url(&#039;https:\/\/egb.com.tn\/wp-content\/plugins\/bold-page-builder\/img\/blank.gif&#039;);\"><\/div><\/div><div class=\"bt_bb_port\"><div class=\"bt_bb_cell\"><div class=\"bt_bb_cell_inner\"><div class=\"bt_bb_row \"  data-bt-override-class=\"{}\"><div class=\"bt_bb_row_holder\" ><div  class=\"bt_bb_column col-xxl-6 col-xl-6 bt_bb_vertical_align_top bt_bb_align_left bt_bb_padding_normal bt_bb_animation_fade_in zoom_out animate\" style=\"; --column-width:6;\" data-width=\"6\" data-bt-override-class=\"{}\"><div class=\"bt_bb_column_content\"><div class=\"bt_bb_column_content_inner\"><header data-bb-version=\"4.6.0\" class=\"bt_bb_headline bt_bb_dash_top bt_bb_superheadline bt_bb_subheadline bt_bb_size_medium bt_bb_align_inherit\" data-bt-override-class=\"{&quot;bt_bb_size_&quot;:{&quot;current_class&quot;:&quot;bt_bb_size_medium&quot;,&quot;xxl&quot;:&quot;medium&quot;},&quot;bt_bb_align_&quot;:{&quot;current_class&quot;:&quot;bt_bb_align_inherit&quot;,&quot;xxl&quot;:&quot;inherit&quot;}}\"><h1><span class=\"bt_bb_headline_superheadline\"><span>Our solutions<\/span><\/span><span class=\"bt_bb_headline_content\"><span>Documentation<\/span><\/span><\/h1><div class=\"bt_bb_headline_subheadline\">Le lorem ipsum est, en imprimerie, une suite de mots sans signification utilis\u00e9e \u00e0 titre provisoire pour calibrer une mise en page, le texte d\u00e9finitif venant remplacer le faux-texte d\u00e8s qu&apos;il est pr\u00eat ou que la mise en page est achev\u00e9e. G\u00e9n\u00e9ralement, on utilise un texte en faux latin, le Lorem ipsum ou Lipsum.<\/div><\/header><div class=\"bt_bb_separator bt_bb_border_style_none bt_bb_bottom_spacing_60\" data-bt-override-class=\"null\"><\/div><\/div><\/div><\/div><div  class=\"bt_bb_column col-xxl-6 col-xl-6 bt_bb_vertical_align_top bt_bb_align_right bt_bb_padding_40 bt_bb_animation_fade_in zoom_out animate\" style=\"; --column-width:6;\" data-width=\"6\" data-bt-override-class=\"{}\"><div class=\"bt_bb_column_content\"><div class=\"bt_bb_column_content_inner\"><\/div><\/div><\/div><\/div><\/div><\/div><!-- cell_inner --><\/div><!-- cell --><\/div><!-- port --><\/section>\n","protected":false},"excerpt":{"rendered":"","protected":false},"author":1,"featured_media":0,"parent":0,"menu_order":0,"comment_status":"closed","ping_status":"closed","template":"","meta":{"footnotes":""},"class_list":["post-3396","page","type-page","status-publish","hentry"],"acf":[],"yoast_head":"<!-- This site is optimized with the Yoast SEO plugin v25.2 - https:\/\/yoast.com\/wordpress\/plugins\/seo\/ -->\n<title>Documentation - EGB I \u00e9quipement g\u00e9n\u00e9ral de b\u00e2timent<\/title>\n<meta name=\"robots\" content=\"index, follow, max-snippet:-1, max-image-preview:large, max-video-preview:-1\" \/>\n<link rel=\"canonical\" href=\"https:\/\/egb.com.tn\/documentation\/\" \/>\n<meta property=\"og:locale\" content=\"en_US\" \/>\n<meta property=\"og:type\" content=\"article\" \/>\n<meta property=\"og:title\" content=\"Documentation - EGB I \u00e9quipement g\u00e9n\u00e9ral de b\u00e2timent\" \/>\n<meta property=\"og:url\" content=\"https:\/\/egb.com.tn\/documentation\/\" \/>\n<meta property=\"og:site_name\" content=\"EGB I \u00e9quipement g\u00e9n\u00e9ral de b\u00e2timent\" \/>\n<meta property=\"article:modified_time\" content=\"2024-01-13T09:34:33+00:00\" \/>\n<meta name=\"twitter:card\" content=\"summary_large_image\" \/>\n<meta name=\"twitter:label1\" content=\"Est. reading time\" \/>\n\t<meta name=\"twitter:data1\" content=\"2 minutes\" \/>\n<script type=\"application\/ld+json\" class=\"yoast-schema-graph\">{\"@context\":\"https:\/\/schema.org\",\"@graph\":[{\"@type\":\"WebPage\",\"@id\":\"https:\/\/egb.com.tn\/documentation\/\",\"url\":\"https:\/\/egb.com.tn\/documentation\/\",\"name\":\"Documentation - EGB I \u00e9quipement g\u00e9n\u00e9ral de b\u00e2timent\",\"isPartOf\":{\"@id\":\"https:\/\/egb.com.tn\/#website\"},\"datePublished\":\"2023-09-11T09:36:07+00:00\",\"dateModified\":\"2024-01-13T09:34:33+00:00\",\"breadcrumb\":{\"@id\":\"https:\/\/egb.com.tn\/documentation\/#breadcrumb\"},\"inLanguage\":\"en-US\",\"potentialAction\":[{\"@type\":\"ReadAction\",\"target\":[\"https:\/\/egb.com.tn\/documentation\/\"]}]},{\"@type\":\"BreadcrumbList\",\"@id\":\"https:\/\/egb.com.tn\/documentation\/#breadcrumb\",\"itemListElement\":[{\"@type\":\"ListItem\",\"position\":1,\"name\":\"Home\",\"item\":\"https:\/\/egb.com.tn\/en\/\"},{\"@type\":\"ListItem\",\"position\":2,\"name\":\"Documentation\"}]},{\"@type\":\"WebSite\",\"@id\":\"https:\/\/egb.com.tn\/#website\",\"url\":\"https:\/\/egb.com.tn\/\",\"name\":\"EGB I \u00e9quipement g\u00e9n\u00e9ral de b\u00e2timent\",\"description\":\"\",\"potentialAction\":[{\"@type\":\"SearchAction\",\"target\":{\"@type\":\"EntryPoint\",\"urlTemplate\":\"https:\/\/egb.com.tn\/?s={search_term_string}\"},\"query-input\":{\"@type\":\"PropertyValueSpecification\",\"valueRequired\":true,\"valueName\":\"search_term_string\"}}],\"inLanguage\":\"en-US\"}]}<\/script>\n<!-- \/ Yoast SEO plugin. -->","yoast_head_json":{"title":"Documentation - EGB I \u00e9quipement g\u00e9n\u00e9ral de b\u00e2timent","robots":{"index":"index","follow":"follow","max-snippet":"max-snippet:-1","max-image-preview":"max-image-preview:large","max-video-preview":"max-video-preview:-1"},"canonical":"https:\/\/egb.com.tn\/documentation\/","og_locale":"en_US","og_type":"article","og_title":"Documentation - EGB I \u00e9quipement g\u00e9n\u00e9ral de b\u00e2timent","og_url":"https:\/\/egb.com.tn\/documentation\/","og_site_name":"EGB I \u00e9quipement g\u00e9n\u00e9ral de b\u00e2timent","article_modified_time":"2024-01-13T09:34:33+00:00","twitter_card":"summary_large_image","twitter_misc":{"Est. reading time":"2 minutes"},"schema":{"@context":"https:\/\/schema.org","@graph":[{"@type":"WebPage","@id":"https:\/\/egb.com.tn\/documentation\/","url":"https:\/\/egb.com.tn\/documentation\/","name":"Documentation - EGB I \u00e9quipement g\u00e9n\u00e9ral de b\u00e2timent","isPartOf":{"@id":"https:\/\/egb.com.tn\/#website"},"datePublished":"2023-09-11T09:36:07+00:00","dateModified":"2024-01-13T09:34:33+00:00","breadcrumb":{"@id":"https:\/\/egb.com.tn\/documentation\/#breadcrumb"},"inLanguage":"en-US","potentialAction":[{"@type":"ReadAction","target":["https:\/\/egb.com.tn\/documentation\/"]}]},{"@type":"BreadcrumbList","@id":"https:\/\/egb.com.tn\/documentation\/#breadcrumb","itemListElement":[{"@type":"ListItem","position":1,"name":"Home","item":"https:\/\/egb.com.tn\/en\/"},{"@type":"ListItem","position":2,"name":"Documentation"}]},{"@type":"WebSite","@id":"https:\/\/egb.com.tn\/#website","url":"https:\/\/egb.com.tn\/","name":"EGB I \u00e9quipement g\u00e9n\u00e9ral de b\u00e2timent","description":"","potentialAction":[{"@type":"SearchAction","target":{"@type":"EntryPoint","urlTemplate":"https:\/\/egb.com.tn\/?s={search_term_string}"},"query-input":{"@type":"PropertyValueSpecification","valueRequired":true,"valueName":"search_term_string"}}],"inLanguage":"en-US"}]}},"_links":{"self":[{"href":"https:\/\/egb.com.tn\/en\/wp-json\/wp\/v2\/pages\/3396"}],"collection":[{"href":"https:\/\/egb.com.tn\/en\/wp-json\/wp\/v2\/pages"}],"about":[{"href":"https:\/\/egb.com.tn\/en\/wp-json\/wp\/v2\/types\/page"}],"author":[{"embeddable":true,"href":"https:\/\/egb.com.tn\/en\/wp-json\/wp\/v2\/users\/1"}],"replies":[{"embeddable":true,"href":"https:\/\/egb.com.tn\/en\/wp-json\/wp\/v2\/comments?post=3396"}],"version-history":[{"count":0,"href":"https:\/\/egb.com.tn\/en\/wp-json\/wp\/v2\/pages\/3396\/revisions"}],"wp:attachment":[{"href":"https:\/\/egb.com.tn\/en\/wp-json\/wp\/v2\/media?parent=3396"}],"curies":[{"name":"wp","href":"https:\/\/api.w.org\/{rel}","templated":true}]}}